{"id":3327,"date":"2021-10-21T09:07:07","date_gmt":"2021-10-21T12:07:07","guid":{"rendered":"http:\/\/cibeel.web2101.uni5.net\/?page_id=3327"},"modified":"2022-02-16T15:27:07","modified_gmt":"2022-02-16T18:27:07","slug":"a-empresa","status":"publish","type":"page","link":"https:\/\/www.cibeel.com.br\/index.php\/a-empresa\/","title":{"rendered":"A empresa"},"content":{"rendered":"\t\t<div data-elementor-type=\"wp-page\" data-elementor-id=\"3327\" class=\"elementor elementor-3327\" data-elementor-settings=\"[]\">\n\t\t\t\t\t\t\t<div class=\"elementor-section-wrap\">\n\t\t\t\t\t\t\t<section class=\"elementor-section elementor-top-section elementor-element elementor-element-74b947bf elementor-section-boxed elementor-section-height-default elementor-section-height-default\" data-id=\"74b947bf\" data-element_type=\"section\" data-settings=\"{&quot;background_background&quot;:&quot;classic&quot;}\">\n\t\t\t\t\t\t\t<div class=\"elementor-background-overlay\"><\/div>\n\t\t\t\t\t\t\t<div class=\"elementor-container elementor-column-gap-default\">\n\t\t\t\t\t<div class=\"elementor-column elementor-col-100 elementor-top-column elementor-element elementor-element-778bbf3e\" data-id=\"778bbf3e\" data-element_type=\"column\" data-settings=\"{&quot;background_background&quot;:&quot;classic&quot;}\">\n\t\t\t<div class=\"elementor-widget-wrap elementor-element-populated\">\n\t\t\t\t\t\t\t\t<div class=\"elementor-element elementor-element-e701d43 elementor-invisible elementor-widget elementor-widget-heading\" data-id=\"e701d43\" data-element_type=\"widget\" data-settings=\"{&quot;_animation&quot;:&quot;fadeInUp&quot;}\" data-widget_type=\"heading.default\">\n\t\t\t\t<div class=\"elementor-widget-container\">\n\t\t\t<h2 class=\"elementor-heading-title elementor-size-default\">SOBRE A EMPRESA<\/h2>\t\t<\/div>\n\t\t\t\t<\/div>\n\t\t\t\t<div class=\"elementor-element elementor-element-dd2e725 elementor-invisible elementor-widget elementor-widget-spacer\" data-id=\"dd2e725\" data-element_type=\"widget\" data-settings=\"{&quot;_animation&quot;:&quot;fadeInLeft&quot;}\" data-widget_type=\"spacer.default\">\n\t\t\t\t<div class=\"elementor-widget-container\">\n\t\t\t\t\t<div class=\"elementor-spacer\">\n\t\t\t<div class=\"elementor-spacer-inner\"><\/div>\n\t\t<\/div>\n\t\t\t\t<\/div>\n\t\t\t\t<\/div>\n\t\t\t\t<div class=\"elementor-element elementor-element-967a370 elementor-widget elementor-widget-spacer\" data-id=\"967a370\" data-element_type=\"widget\" data-widget_type=\"spacer.default\">\n\t\t\t\t<div class=\"elementor-widget-container\">\n\t\t\t\t\t<div class=\"elementor-spacer\">\n\t\t\t<div class=\"elementor-spacer-inner\"><\/div>\n\t\t<\/div>\n\t\t\t\t<\/div>\n\t\t\t\t<\/div>\n\t\t\t\t<div class=\"elementor-element elementor-element-cba6cdd elementor-invisible elementor-widget elementor-widget-text-editor\" data-id=\"cba6cdd\" data-element_type=\"widget\" data-settings=\"{&quot;_animation&quot;:&quot;fadeInUp&quot;}\" data-widget_type=\"text-editor.default\">\n\t\t\t\t<div class=\"elementor-widget-container\">\n\t\t\t\t\t\t\t<p>\u00c9 primordial que para uma empresa gerar resultados \u00e9 necess\u00e1rio que tudo esteja em ordem e funcionando perfeitamente sem imprevistos, \u00e9 pensando nisso que temos como objetivo fornecer os melhores equipamentos comerciais e industriais com m\u00e1ximo n\u00edvel de qualidade para o seu neg\u00f3cio. Junto a isso temos toda vontade e determina\u00e7\u00e3o para auxili\u00e1-lo nas instala\u00e7\u00f5es e manuten\u00e7\u00f5es de pequenos e grandes equipamentos.<\/p><p>Com os nossos servi\u00e7os voc\u00ea refor\u00e7a um dos principais fatores para uma empresa, a seguran\u00e7a, mantenha os equipamentos operantes e livres de risco para seus funcion\u00e1rios conseguirem produzir resultados com mais tranquilidade<\/p>\t\t\t\t\t\t<\/div>\n\t\t\t\t<\/div>\n\t\t\t\t<div class=\"elementor-element elementor-element-d93d7d2 elementor-widget elementor-widget-spacer\" data-id=\"d93d7d2\" data-element_type=\"widget\" data-widget_type=\"spacer.default\">\n\t\t\t\t<div class=\"elementor-widget-container\">\n\t\t\t\t\t<div class=\"elementor-spacer\">\n\t\t\t<div class=\"elementor-spacer-inner\"><\/div>\n\t\t<\/div>\n\t\t\t\t<\/div>\n\t\t\t\t<\/div>\n\t\t\t\t<div class=\"elementor-element elementor-element-c387c73 elementor-invisible elementor-widget elementor-widget-heading\" data-id=\"c387c73\" data-element_type=\"widget\" data-settings=\"{&quot;_animation&quot;:&quot;fadeInUp&quot;}\" data-widget_type=\"heading.default\">\n\t\t\t\t<div class=\"elementor-widget-container\">\n\t\t\t<h2 class=\"elementor-heading-title elementor-size-default\">NOSSA MISS\u00c3O<\/h2>\t\t<\/div>\n\t\t\t\t<\/div>\n\t\t\t\t<div class=\"elementor-element elementor-element-971645e elementor-invisible elementor-widget elementor-widget-spacer\" data-id=\"971645e\" data-element_type=\"widget\" data-settings=\"{&quot;_animation&quot;:&quot;fadeInLeft&quot;}\" data-widget_type=\"spacer.default\">\n\t\t\t\t<div class=\"elementor-widget-container\">\n\t\t\t\t\t<div class=\"elementor-spacer\">\n\t\t\t<div class=\"elementor-spacer-inner\"><\/div>\n\t\t<\/div>\n\t\t\t\t<\/div>\n\t\t\t\t<\/div>\n\t\t\t\t<div class=\"elementor-element elementor-element-405d7b4 elementor-widget elementor-widget-spacer\" data-id=\"405d7b4\" data-element_type=\"widget\" data-widget_type=\"spacer.default\">\n\t\t\t\t<div class=\"elementor-widget-container\">\n\t\t\t\t\t<div class=\"elementor-spacer\">\n\t\t\t<div class=\"elementor-spacer-inner\"><\/div>\n\t\t<\/div>\n\t\t\t\t<\/div>\n\t\t\t\t<\/div>\n\t\t\t\t<div class=\"elementor-element elementor-element-dd725a5 elementor-invisible elementor-widget elementor-widget-text-editor\" data-id=\"dd725a5\" data-element_type=\"widget\" data-settings=\"{&quot;_animation&quot;:&quot;fadeInUp&quot;}\" data-widget_type=\"text-editor.default\">\n\t\t\t\t<div class=\"elementor-widget-container\">\n\t\t\t\t\t\t\t<p>Se tornar uma empresa que cresce cada vez mais representando sempre o seu papel na industria, contribuindo n\u00e3o apenas para o nosso crescimento mas para o crescimento dos nosso clientes e parceiros, fornecendo sempre os melhores equipamentos e o melhor suporte em instala\u00e7\u00e3o, bobinagem e rebobinagem de equipamentos industriais.<\/p>\t\t\t\t\t\t<\/div>\n\t\t\t\t<\/div>\n\t\t\t\t<div class=\"elementor-element elementor-element-4930cf3 elementor-widget elementor-widget-spacer\" data-id=\"4930cf3\" data-element_type=\"widget\" data-widget_type=\"spacer.default\">\n\t\t\t\t<div class=\"elementor-widget-container\">\n\t\t\t\t\t<div class=\"elementor-spacer\">\n\t\t\t<div class=\"elementor-spacer-inner\"><\/div>\n\t\t<\/div>\n\t\t\t\t<\/div>\n\t\t\t\t<\/div>\n\t\t\t\t<div class=\"elementor-element elementor-element-109f503 elementor-invisible elementor-widget elementor-widget-heading\" data-id=\"109f503\" data-element_type=\"widget\" data-settings=\"{&quot;_animation&quot;:&quot;fadeInUp&quot;}\" data-widget_type=\"heading.default\">\n\t\t\t\t<div class=\"elementor-widget-container\">\n\t\t\t<h2 class=\"elementor-heading-title elementor-size-default\">VALORES<\/h2>\t\t<\/div>\n\t\t\t\t<\/div>\n\t\t\t\t<div class=\"elementor-element elementor-element-89f9a07 elementor-invisible elementor-widget elementor-widget-spacer\" data-id=\"89f9a07\" data-element_type=\"widget\" data-settings=\"{&quot;_animation&quot;:&quot;fadeInLeft&quot;}\" data-widget_type=\"spacer.default\">\n\t\t\t\t<div class=\"elementor-widget-container\">\n\t\t\t\t\t<div class=\"elementor-spacer\">\n\t\t\t<div class=\"elementor-spacer-inner\"><\/div>\n\t\t<\/div>\n\t\t\t\t<\/div>\n\t\t\t\t<\/div>\n\t\t\t\t<div class=\"elementor-element elementor-element-4778359 elementor-invisible elementor-widget elementor-widget-text-editor\" data-id=\"4778359\" data-element_type=\"widget\" data-settings=\"{&quot;_animation&quot;:&quot;fadeInUp&quot;}\" data-widget_type=\"text-editor.default\">\n\t\t\t\t<div class=\"elementor-widget-container\">\n\t\t\t\t\t\t\t<p>&#8211; Trabalho em equipe<br \/>&#8211; Lideran\u00e7a<br \/>&#8211; Responsabilidade<br \/>&#8211; Compromisso com o cliente<br \/>&#8211; Respeito ao colaborador<br \/>&#8211; \u00c9tica<br \/>&#8211; Efici\u00eancia<br \/>&#8211; Honestidade<br \/>&#8211; Inova\u00e7\u00e3o<br \/>&#8211; Qualidade<\/p>\t\t\t\t\t\t<\/div>\n\t\t\t\t<\/div>\n\t\t\t\t\t<\/div>\n\t\t<\/div>\n\t\t\t\t\t\t\t<\/div>\n\t\t<\/section>\n\t\t\t\t\t\t<\/div>\n\t\t\t\t\t<\/div>\n\t\t","protected":false},"excerpt":{"rendered":"<p>SOBRE A EMPRESA \u00c9 primordial que para uma empresa gerar resultados \u00e9 necess\u00e1rio que tudo esteja em ordem e funcionando perfeitamente sem imprevistos, \u00e9 pensando nisso que temos como objetivo fornecer os melhores equipamentos comerciais e industriais com m\u00e1ximo n\u00edvel de qualidade para o seu neg\u00f3cio. Junto a isso temos toda vontade e determina\u00e7\u00e3o para &hellip; <a href=\"https:\/\/www.cibeel.com.br\/index.php\/a-empresa\/\" class=\"more-link\">Continue reading <span class=\"screen-reader-text\">A empresa<\/span><\/a><\/p>\n","protected":false},"author":3,"featured_media":0,"parent":0,"menu_order":0,"comment_status":"closed","ping_status":"closed","template":"elementor_header_footer","meta":{"footnotes":""},"class_list":["post-3327","page","type-page","status-publish","hentry"],"_links":{"self":[{"href":"https:\/\/www.cibeel.com.br\/index.php\/wp-json\/wp\/v2\/pages\/3327","targetHints":{"allow":["GET"]}}],"collection":[{"href":"https:\/\/www.cibeel.com.br\/index.php\/wp-json\/wp\/v2\/pages"}],"about":[{"href":"https:\/\/www.cibeel.com.br\/index.php\/wp-json\/wp\/v2\/types\/page"}],"author":[{"embeddable":true,"href":"https:\/\/www.cibeel.com.br\/index.php\/wp-json\/wp\/v2\/users\/3"}],"replies":[{"embeddable":true,"href":"https:\/\/www.cibeel.com.br\/index.php\/wp-json\/wp\/v2\/comments?post=3327"}],"version-history":[{"count":36,"href":"https:\/\/www.cibeel.com.br\/index.php\/wp-json\/wp\/v2\/pages\/3327\/revisions"}],"predecessor-version":[{"id":3787,"href":"https:\/\/www.cibeel.com.br\/index.php\/wp-json\/wp\/v2\/pages\/3327\/revisions\/3787"}],"wp:attachment":[{"href":"https:\/\/www.cibeel.com.br\/index.php\/wp-json\/wp\/v2\/media?parent=3327"}],"curies":[{"name":"wp","href":"https:\/\/api.w.org\/{rel}","templated":true}]}}